{"id":2867,"date":"2025-12-30T08:55:03","date_gmt":"2025-12-30T08:55:03","guid":{"rendered":"https:\/\/sophiepack.bwp.ro\/?post_type=product&#038;p=2867"},"modified":"2025-12-30T08:55:03","modified_gmt":"2025-12-30T08:55:03","slug":"folie-cu-bule-400mm-x-10m-2-straturi-verde","status":"publish","type":"product","link":"https:\/\/sophiepack.bwp.ro\/en\/product\/folie-cu-bule-400mm-x-10m-2-straturi-verde\/","title":{"rendered":"Folie cu bule, 400mm x 10m, 2 straturi, verde"},"content":{"rendered":"<p>Folia cu bule 400 mm x 10 m, 50 g\/mp, 2 straturi, verde este potrivit\u0103 pentru ambalarea obiectelor mici \u0219i medii, protej\u00e2ndu-le \u00eempotriva \u0219ocurilor \u0219i umezelii. Culoarea verde faciliteaz\u0103 identificarea rapid\u0103 a pachetelor.<\/p>","protected":false},"excerpt":{"rendered":"<p>Folie cu bule 400 mm x 10 m, 50 g\/mp, 2 straturi, verde \u2013 ambalare sigur\u0103 \u0219i protec\u021bie eficient\u0103 pentru obiecte fragile.<\/p>","protected":false},"featured_media":0,"comment_status":"open","ping_status":"closed","template":"","meta":{"_acf_changed":false,"inline_featured_image":false},"product_brand":[],"product_cat":[127,65],"product_tag":[],"class_list":{"0":"post-2867","1":"product","2":"type-product","3":"status-publish","5":"product_cat-ambalaje-plastic","6":"product_cat-folie-cu-bule","8":"first","9":"instock","10":"shipping-taxable","11":"purchasable","12":"product-type-simple","13":"add-to-wishlist-before_image"},"acf":[],"yoast_head":"<!-- This site is optimized with the Yoast SEO plugin v26.9 - https:\/\/yoast.com\/product\/yoast-seo-wordpress\/ -->\n<title>Folie cu bule, 400mm x 10m, 2 straturi, verde | Sophie Pack<\/title>\n<meta name=\"description\" content=\"Descoper\u0103 Folie cu bule, 400mm x 10m, 2 straturi, verde. Asigur\u0103m personalizare, calitate constant\u0103 \u0219i livrare rapid\u0103.\" \/>\n<meta name=\"robots\" content=\"noindex, follow, max-snippet:-1, max-image-preview:large, max-video-preview:-1\" \/>\n<meta property=\"og:locale\" content=\"en_GB\" \/>\n<meta property=\"og:type\" content=\"article\" \/>\n<meta property=\"og:title\" content=\"Folie cu bule, 400mm x 10m, 2 straturi, verde | Sophie Pack\" \/>\n<meta property=\"og:description\" content=\"Descoper\u0103 Folie cu bule, 400mm x 10m, 2 straturi, verde. Asigur\u0103m personalizare, calitate constant\u0103 \u0219i livrare rapid\u0103.\" \/>\n<meta property=\"og:url\" content=\"https:\/\/sophiepack.bwp.ro\/en\/product\/folie-cu-bule-400mm-x-10m-2-straturi-verde\/\" \/>\n<meta property=\"og:site_name\" content=\"Sophie Pack\" \/>\n<meta name=\"twitter:card\" content=\"summary_large_image\" \/>\n<script type=\"application\/ld+json\" class=\"yoast-schema-graph\">{\"@context\":\"https:\/\/schema.org\",\"@graph\":[{\"@type\":\"WebPage\",\"@id\":\"https:\/\/sophiepack.bwp.ro\/product\/folie-cu-bule-400mm-x-10m-2-straturi-verde\/\",\"url\":\"https:\/\/sophiepack.bwp.ro\/product\/folie-cu-bule-400mm-x-10m-2-straturi-verde\/\",\"name\":\"Folie cu bule, 400mm x 10m, 2 straturi, verde | Sophie Pack\",\"isPartOf\":{\"@id\":\"https:\/\/sophiepack.bwp.ro\/#website\"},\"datePublished\":\"2025-12-30T08:55:03+00:00\",\"description\":\"Descoper\u0103 Folie cu bule, 400mm x 10m, 2 straturi, verde. Asigur\u0103m personalizare, calitate constant\u0103 \u0219i livrare rapid\u0103.\",\"breadcrumb\":{\"@id\":\"https:\/\/sophiepack.bwp.ro\/product\/folie-cu-bule-400mm-x-10m-2-straturi-verde\/#breadcrumb\"},\"inLanguage\":\"en-GB\",\"potentialAction\":[{\"@type\":\"ReadAction\",\"target\":[\"https:\/\/sophiepack.bwp.ro\/product\/folie-cu-bule-400mm-x-10m-2-straturi-verde\/\"]}]},{\"@type\":\"BreadcrumbList\",\"@id\":\"https:\/\/sophiepack.bwp.ro\/product\/folie-cu-bule-400mm-x-10m-2-straturi-verde\/#breadcrumb\",\"itemListElement\":[{\"@type\":\"ListItem\",\"position\":1,\"name\":\"Prima pagin\u0103\",\"item\":\"https:\/\/sophiepack.bwp.ro\/\"},{\"@type\":\"ListItem\",\"position\":2,\"name\":\"Produse\",\"item\":\"https:\/\/sophiepack.bwp.ro\/produse\/\"},{\"@type\":\"ListItem\",\"position\":3,\"name\":\"Folie cu bule, 400mm x 10m, 2 straturi, verde\"}]},{\"@type\":\"WebSite\",\"@id\":\"https:\/\/sophiepack.bwp.ro\/#website\",\"url\":\"https:\/\/sophiepack.bwp.ro\/\",\"name\":\"Sophie Pack\",\"description\":\"\",\"potentialAction\":[{\"@type\":\"SearchAction\",\"target\":{\"@type\":\"EntryPoint\",\"urlTemplate\":\"https:\/\/sophiepack.bwp.ro\/?s={search_term_string}\"},\"query-input\":{\"@type\":\"PropertyValueSpecification\",\"valueRequired\":true,\"valueName\":\"search_term_string\"}}],\"inLanguage\":\"en-GB\"}]}<\/script>\n<!-- \/ Yoast SEO plugin. -->","yoast_head_json":{"title":"Folie cu bule, 400mm x 10m, 2 straturi, verde | Sophie Pack","description":"Descoper\u0103 Folie cu bule, 400mm x 10m, 2 straturi, verde. Asigur\u0103m personalizare, calitate constant\u0103 \u0219i livrare rapid\u0103.","robots":{"index":"noindex","follow":"follow","max-snippet":"max-snippet:-1","max-image-preview":"max-image-preview:large","max-video-preview":"max-video-preview:-1"},"og_locale":"en_GB","og_type":"article","og_title":"Folie cu bule, 400mm x 10m, 2 straturi, verde | Sophie Pack","og_description":"Descoper\u0103 Folie cu bule, 400mm x 10m, 2 straturi, verde. Asigur\u0103m personalizare, calitate constant\u0103 \u0219i livrare rapid\u0103.","og_url":"https:\/\/sophiepack.bwp.ro\/en\/product\/folie-cu-bule-400mm-x-10m-2-straturi-verde\/","og_site_name":"Sophie Pack","twitter_card":"summary_large_image","schema":{"@context":"https:\/\/schema.org","@graph":[{"@type":"WebPage","@id":"https:\/\/sophiepack.bwp.ro\/product\/folie-cu-bule-400mm-x-10m-2-straturi-verde\/","url":"https:\/\/sophiepack.bwp.ro\/product\/folie-cu-bule-400mm-x-10m-2-straturi-verde\/","name":"Folie cu bule, 400mm x 10m, 2 straturi, verde | Sophie Pack","isPartOf":{"@id":"https:\/\/sophiepack.bwp.ro\/#website"},"datePublished":"2025-12-30T08:55:03+00:00","description":"Descoper\u0103 Folie cu bule, 400mm x 10m, 2 straturi, verde. Asigur\u0103m personalizare, calitate constant\u0103 \u0219i livrare rapid\u0103.","breadcrumb":{"@id":"https:\/\/sophiepack.bwp.ro\/product\/folie-cu-bule-400mm-x-10m-2-straturi-verde\/#breadcrumb"},"inLanguage":"en-GB","potentialAction":[{"@type":"ReadAction","target":["https:\/\/sophiepack.bwp.ro\/product\/folie-cu-bule-400mm-x-10m-2-straturi-verde\/"]}]},{"@type":"BreadcrumbList","@id":"https:\/\/sophiepack.bwp.ro\/product\/folie-cu-bule-400mm-x-10m-2-straturi-verde\/#breadcrumb","itemListElement":[{"@type":"ListItem","position":1,"name":"Prima pagin\u0103","item":"https:\/\/sophiepack.bwp.ro\/"},{"@type":"ListItem","position":2,"name":"Produse","item":"https:\/\/sophiepack.bwp.ro\/produse\/"},{"@type":"ListItem","position":3,"name":"Folie cu bule, 400mm x 10m, 2 straturi, verde"}]},{"@type":"WebSite","@id":"https:\/\/sophiepack.bwp.ro\/#website","url":"https:\/\/sophiepack.bwp.ro\/","name":"Sophie Pack","description":"","potentialAction":[{"@type":"SearchAction","target":{"@type":"EntryPoint","urlTemplate":"https:\/\/sophiepack.bwp.ro\/?s={search_term_string}"},"query-input":{"@type":"PropertyValueSpecification","valueRequired":true,"valueName":"search_term_string"}}],"inLanguage":"en-GB"}]}},"_links":{"self":[{"href":"https:\/\/sophiepack.bwp.ro\/en\/wp-json\/wp\/v2\/product\/2867","targetHints":{"allow":["GET"]}}],"collection":[{"href":"https:\/\/sophiepack.bwp.ro\/en\/wp-json\/wp\/v2\/product"}],"about":[{"href":"https:\/\/sophiepack.bwp.ro\/en\/wp-json\/wp\/v2\/types\/product"}],"replies":[{"embeddable":true,"href":"https:\/\/sophiepack.bwp.ro\/en\/wp-json\/wp\/v2\/comments?post=2867"}],"wp:attachment":[{"href":"https:\/\/sophiepack.bwp.ro\/en\/wp-json\/wp\/v2\/media?parent=2867"}],"wp:term":[{"taxonomy":"product_brand","embeddable":true,"href":"https:\/\/sophiepack.bwp.ro\/en\/wp-json\/wp\/v2\/product_brand?post=2867"},{"taxonomy":"product_cat","embeddable":true,"href":"https:\/\/sophiepack.bwp.ro\/en\/wp-json\/wp\/v2\/product_cat?post=2867"},{"taxonomy":"product_tag","embeddable":true,"href":"https:\/\/sophiepack.bwp.ro\/en\/wp-json\/wp\/v2\/product_tag?post=2867"}],"curies":[{"name":"wp","href":"https:\/\/api.w.org\/{rel}","templated":true}]}}